{"id":2488,"date":"2025-05-25T22:54:29","date_gmt":"2025-05-26T01:54:29","guid":{"rendered":"https:\/\/radiovilardevoz.org\/?page_id=2488"},"modified":"2025-11-16T19:05:39","modified_gmt":"2025-11-16T22:05:39","slug":"tutorial-para-android-y-iphone","status":"publish","type":"page","link":"https:\/\/radiovilardevoz.org\/?page_id=2488","title":{"rendered":"VilarNet &#8211; Tutoriales para iOS (iPhone) y Android"},"content":{"rendered":"<p><strong>No los queremos volver locos, pero para que resulte m\u00e1s f\u00e1cil de recordar, para que nos sea m\u00e1s simple pronunciar y transmitir, es que nuestra App VilarNet ahora tiene la url\u00a0<a href=\"https:\/\/vilardevoz.net\/\" target=\"_blank\" rel=\"noopener\">https:\/\/vilardevoz.net\/<\/a> Para tranquilidad y no causar complicaciones, aquellos que ya hayan instalado la App como acceso directo en su celular, lo pueden seguir manteniendo, ya que sigue funcionando como subdominio la anterior url. Los dos tutoriales tienen total vigencia, solo que para nuevas instalaciones se debe utilizar el nuevo dominio (vilardevoz.net).<\/strong><\/p>\n<p style=\"text-align: center;\"><span style=\"color: #ff0000;\"><strong>Tutoriales para poner acceso directo en el escritorio de celulares iPhone y Android de nuestra Aplicaci\u00f3n Web VilarNet.<\/strong><\/span><\/p>\n<h4 style=\"text-align: center;\"><span style=\"color: #0000ff;\"><strong>Android<\/strong><\/span><\/h4>\n<div class=\"centrar\">\n<div style=\"width: 640px;\" class=\"wp-video\"><video class=\"short\" id=\"video-2488-1\" width=\"640\" height=\"360\" preload=\"metadata\" controls=\"controls\"><source type=\"video\/mp4\" src=\"https:\/\/radiovilardevoz.org\/wp-content\/uploads\/2025\/05\/tutorial-VilarNet-para-Android.mp4?_=1\" \/><a href=\"https:\/\/radiovilardevoz.org\/wp-content\/uploads\/2025\/05\/tutorial-VilarNet-para-Android.mp4\">https:\/\/radiovilardevoz.org\/wp-content\/uploads\/2025\/05\/tutorial-VilarNet-para-Android.mp4<\/a><\/video><\/div>\n<\/div>\n<div class=\"WaaZC\">\n<div class=\"RJPOee EIJn2\">\n<div class=\"rPeykc pyPiTc\" data-hveid=\"CAoQAQ\" data-ved=\"2ahUKEwiFgovGt8GNAxWhq5UCHR4uLasQo_EKegQIChAB\"><span style=\"color: #0000ff;\"><strong>Pasos:<\/strong><\/span><\/div>\n<div data-hveid=\"CAoQAQ\" data-ved=\"2ahUKEwiFgovGt8GNAxWhq5UCHR4uLasQo_EKegQIChAB\"><\/div>\n<div class=\"rPeykc pyPiTc\" data-hveid=\"CAoQAQ\" data-ved=\"2ahUKEwiFgovGt8GNAxWhq5UCHR4uLasQo_EKegQIChAB\"><strong style=\"color: #0000ff;\">1. Abre Chrome y navega hasta la p\u00e1gina web de la aplicaci\u00f3n web que quieras agregar como acceso directo\u00a0<a href=\"https:\/\/vilardevoz.net\" target=\"_blanck\">https:\/\/vilardevoz.net<\/a>\u00a0<\/strong><\/div>\n<\/div>\n<\/div>\n<div class=\"WaaZC\">\n<div class=\"RJPOee EIJn2\">\n<p><span style=\"color: #0000ff;\"><strong>2. En la barra de direcciones, toca el icono de men\u00fa (tres puntos verticales en la esquina superior derecha) .<\/strong><\/span><\/p>\n<p><span style=\"color: #0000ff;\"><strong>3. Selecciona la opci\u00f3n \u00abAgregar a pantalla principal\u00bb .<\/strong><\/span><\/p>\n<p><span style=\"color: #0000ff;\"><strong>4. En el cuadro de di\u00e1logo, puedes elegir el nombre del acceso directo y tocar \u00abInstalar\u00bb.<\/strong><\/span><\/p>\n<p><span style=\"color: #0000ff;\"><strong>5. El acceso directo se agregar\u00e1 a tu pantalla de inicio, y al tocarlo abrir\u00e1 la aplicaci\u00f3n web en tu celular.<\/strong><\/span><\/p>\n<\/div>\n<\/div>\n<h4 style=\"text-align: center;\"><span style=\"color: #0000ff;\"><strong>iOS (iPhone)<\/strong><\/span><\/h4>\n<div class=\"centrar\">\n<div style=\"width: 640px;\" class=\"wp-video\"><video class=\"short\" id=\"video-2488-2\" width=\"640\" height=\"360\" preload=\"metadata\" controls=\"controls\"><source type=\"video\/mp4\" src=\"https:\/\/radiovilardevoz.org\/wp-content\/uploads\/2025\/05\/tutorial-VilarNet-para-iPhone.mp4?_=2\" \/><a href=\"https:\/\/radiovilardevoz.org\/wp-content\/uploads\/2025\/05\/tutorial-VilarNet-para-iPhone.mp4\">https:\/\/radiovilardevoz.org\/wp-content\/uploads\/2025\/05\/tutorial-VilarNet-para-iPhone.mp4<\/a><\/video><\/div>\n<\/div>\n<p><span style=\"color: #0000ff;\"><strong>Pasos detallados:<\/strong><\/span><br \/>\n<span style=\"color: #0000ff;\"><strong>1. Abre Safari y navega al sitio web (en este caso a\u00a0<a href=\"https:\/\/vilardevoz.net\" target=\"_blanck\">https:\/\/vilardevoz.net<\/a> ):<\/strong><\/span><br \/>\n<span style=\"color: #0000ff;\"><strong>Abre el navegador Safari en tu iPhone y accede a la Aplicaci\u00f3n Web que quieres convertir en acceso directo, luego presiona el bot\u00f3n Ir.<\/strong><\/span><br \/>\n<span style=\"color: #0000ff;\"><strong>2. Pulsa el bot\u00f3n \u00abCompartir\u00bb:<\/strong><\/span><br \/>\n<span style=\"color: #0000ff;\"><strong>Una vez que est\u00e9s en el sitio web, busca el bot\u00f3n \u00abCompartir\u00bb, que suele estar representado por un icono de una flecha hacia arriba dentro de un cuadrado.<br \/>\n<\/strong><\/span><\/p>\n<p><span style=\"color: #0000ff;\"><strong>3. Busca agregar a inicio y le haces click.<\/strong><\/span><\/p>\n<p><span style=\"color: #0000ff;\"><strong>4. Selecciona \u00abAgregar\u00bb:<\/strong><\/span><br \/>\n<span style=\"color: #0000ff;\"><strong>En el men\u00fa que aparece, busca y selecciona la opci\u00f3n \u00abAgregar\u00bb.<\/strong><\/span><br \/>\n<span style=\"color: #0000ff;\"><strong>5. Verifica en la pantalla de inicio:<\/strong><\/span><br \/>\n<span style=\"color: #0000ff;\"><strong>La aplicaci\u00f3n web se a\u00f1adir\u00e1 a tu pantalla de inicio como un acceso directo, con su propio icono.<\/strong><\/span><\/p>\n<div class=\"pvc_clear\"><\/div>\n<p id=\"pvc_stats_2488\" class=\"pvc_stats all  \" data-element-id=\"2488\" style=\"\"><i class=\"pvc-stats-icon large\" aria-hidden=\"true\"><svg aria-hidden=\"true\" focusable=\"false\" data-prefix=\"far\" data-icon=\"chart-bar\" role=\"img\" xmlns=\"http:\/\/www.w3.org\/2000\/svg\" viewBox=\"0 0 512 512\" class=\"svg-inline--fa fa-chart-bar fa-w-16 fa-2x\"><path fill=\"currentColor\" d=\"M396.8 352h22.4c6.4 0 12.8-6.4 12.8-12.8V108.8c0-6.4-6.4-12.8-12.8-12.8h-22.4c-6.4 0-12.8 6.4-12.8 12.8v230.4c0 6.4 6.4 12.8 12.8 12.8zm-192 0h22.4c6.4 0 12.8-6.4 12.8-12.8V140.8c0-6.4-6.4-12.8-12.8-12.8h-22.4c-6.4 0-12.8 6.4-12.8 12.8v198.4c0 6.4 6.4 12.8 12.8 12.8zm96 0h22.4c6.4 0 12.8-6.4 12.8-12.8V204.8c0-6.4-6.4-12.8-12.8-12.8h-22.4c-6.4 0-12.8 6.4-12.8 12.8v134.4c0 6.4 6.4 12.8 12.8 12.8zM496 400H48V80c0-8.84-7.16-16-16-16H16C7.16 64 0 71.16 0 80v336c0 17.67 14.33 32 32 32h464c8.84 0 16-7.16 16-16v-16c0-8.84-7.16-16-16-16zm-387.2-48h22.4c6.4 0 12.8-6.4 12.8-12.8v-70.4c0-6.4-6.4-12.8-12.8-12.8h-22.4c-6.4 0-12.8 6.4-12.8 12.8v70.4c0 6.4 6.4 12.8 12.8 12.8z\" class=\"\"><\/path><\/svg><\/i> <img decoding=\"async\" width=\"16\" height=\"16\" alt=\"Loading\" src=\"https:\/\/radiovilardevoz.org\/wp-content\/plugins\/page-views-count\/ajax-loader-2x.gif\" border=0 \/><\/p>\n<div class=\"pvc_clear\"><\/div>\n","protected":false},"excerpt":{"rendered":"<p>No los queremos volver locos, pero para que resulte m\u00e1s f\u00e1cil de recordar, para que nos sea m\u00e1s simple pronunciar y transmitir, es que nuestra App VilarNet ahora tiene la&hellip; <\/p>\n<div class=\"pvc_clear\"><\/div>\n<p id=\"pvc_stats_2488\" class=\"pvc_stats all  \" data-element-id=\"2488\" style=\"\"><i class=\"pvc-stats-icon large\" aria-hidden=\"true\"><svg aria-hidden=\"true\" focusable=\"false\" data-prefix=\"far\" data-icon=\"chart-bar\" role=\"img\" xmlns=\"http:\/\/www.w3.org\/2000\/svg\" viewBox=\"0 0 512 512\" class=\"svg-inline--fa fa-chart-bar fa-w-16 fa-2x\"><path fill=\"currentColor\" d=\"M396.8 352h22.4c6.4 0 12.8-6.4 12.8-12.8V108.8c0-6.4-6.4-12.8-12.8-12.8h-22.4c-6.4 0-12.8 6.4-12.8 12.8v230.4c0 6.4 6.4 12.8 12.8 12.8zm-192 0h22.4c6.4 0 12.8-6.4 12.8-12.8V140.8c0-6.4-6.4-12.8-12.8-12.8h-22.4c-6.4 0-12.8 6.4-12.8 12.8v198.4c0 6.4 6.4 12.8 12.8 12.8zm96 0h22.4c6.4 0 12.8-6.4 12.8-12.8V204.8c0-6.4-6.4-12.8-12.8-12.8h-22.4c-6.4 0-12.8 6.4-12.8 12.8v134.4c0 6.4 6.4 12.8 12.8 12.8zM496 400H48V80c0-8.84-7.16-16-16-16H16C7.16 64 0 71.16 0 80v336c0 17.67 14.33 32 32 32h464c8.84 0 16-7.16 16-16v-16c0-8.84-7.16-16-16-16zm-387.2-48h22.4c6.4 0 12.8-6.4 12.8-12.8v-70.4c0-6.4-6.4-12.8-12.8-12.8h-22.4c-6.4 0-12.8 6.4-12.8 12.8v70.4c0 6.4 6.4 12.8 12.8 12.8z\" class=\"\"><\/path><\/svg><\/i> <img decoding=\"async\" width=\"16\" height=\"16\" alt=\"Loading\" src=\"https:\/\/radiovilardevoz.org\/wp-content\/plugins\/page-views-count\/ajax-loader-2x.gif\" border=0 \/><\/p>\n<div class=\"pvc_clear\"><\/div>\n","protected":false},"author":7,"featured_media":0,"parent":0,"menu_order":0,"comment_status":"closed","ping_status":"closed","template":"","meta":{"footnotes":""},"class_list":["post-2488","page","type-page","status-publish","hentry"],"_links":{"self":[{"href":"https:\/\/radiovilardevoz.org\/index.php?rest_route=\/wp\/v2\/pages\/2488","targetHints":{"allow":["GET"]}}],"collection":[{"href":"https:\/\/radiovilardevoz.org\/index.php?rest_route=\/wp\/v2\/pages"}],"about":[{"href":"https:\/\/radiovilardevoz.org\/index.php?rest_route=\/wp\/v2\/types\/page"}],"author":[{"embeddable":true,"href":"https:\/\/radiovilardevoz.org\/index.php?rest_route=\/wp\/v2\/users\/7"}],"replies":[{"embeddable":true,"href":"https:\/\/radiovilardevoz.org\/index.php?rest_route=%2Fwp%2Fv2%2Fcomments&post=2488"}],"version-history":[{"count":35,"href":"https:\/\/radiovilardevoz.org\/index.php?rest_route=\/wp\/v2\/pages\/2488\/revisions"}],"predecessor-version":[{"id":3575,"href":"https:\/\/radiovilardevoz.org\/index.php?rest_route=\/wp\/v2\/pages\/2488\/revisions\/3575"}],"wp:attachment":[{"href":"https:\/\/radiovilardevoz.org\/index.php?rest_route=%2Fwp%2Fv2%2Fmedia&parent=2488"}],"curies":[{"name":"wp","href":"https:\/\/api.w.org\/{rel}","templated":true}]}}