{"id":511,"date":"2024-06-05T21:11:59","date_gmt":"2024-06-06T00:11:59","guid":{"rendered":"https:\/\/radiovilardevoz.org\/?page_id=511"},"modified":"2024-10-11T22:21:01","modified_gmt":"2024-10-12T01:21:01","slug":"boletines","status":"publish","type":"page","link":"https:\/\/radiovilardevoz.org\/?page_id=511","title":{"rendered":"Boletines"},"content":{"rendered":"<p style=\"text-align: right;\">11 de octubre de 2024<\/p>\n<p><img decoding=\"async\" class=\"foto\" src=\"https:\/\/radiovilardevoz.org\/wp-content\/uploads\/2024\/10\/boletin-300x134.png\" alt=\"\" width=\"300\" height=\"134\" \/><\/p>\n<p>No te pierdas este nuevo n\u00famero:<\/p>\n<p><a href=\"https:\/\/radiovilardevoz.org\/wp-content\/uploads\/2024\/10\/N\u00b0-5-Boletin-septiembre-Ano-9-2024.pdf\" target=\"_blanck\" rel=\"noopener\">N\u00b0 5- Boleti\u0301n septiembre An\u0303o 9 &#8211; 2024<\/a><\/p>\n<hr \/>\n<h5 style=\"text-align: right;\">03 de octubre de 2024<\/h5>\n<h5 style=\"text-align: left;\">Sali\u00f3 un nuevo Bolet\u00edn del Taller de Escritura de radio Vilardevoz.<\/h5>\n<h5 style=\"text-align: left;\">No te pierdas sus interesantes contenidos.<\/h5>\n<h5 style=\"text-align: left;\">Este es el enlace:<\/h5>\n<p style=\"text-align: left;\"><a href=\"https:\/\/radiovilardevoz.org\/wp-content\/uploads\/2024\/10\/N\u00b0-4-Boletin-septiembre-Ano-9-2024.pdf\" target=\"_blanck\" rel=\"noopener\">N\u00b0 4- Boleti\u0301n septiembre An\u0303o 9 &#8211; 2024<\/a><\/p>\n<p><img decoding=\"async\" class=\"foto\" src=\"https:\/\/radiovilardevoz.org\/wp-content\/uploads\/2024\/10\/nuevo-boletin-min-300x133.png\" alt=\"\" width=\"300\" height=\"133\" \/><\/p>\n<hr \/>\n<h5 style=\"text-align: right;\">25 de setiembre de 2024<\/h5>\n<p><img decoding=\"async\" class=\"foto\" src=\"https:\/\/radiovilardevoz.org\/wp-content\/uploads\/2024\/09\/Captura-de-pantalla-2024-09-25-205234-min-300x136.png\" alt=\"\" width=\"300\" height=\"136\" \/><\/p>\n<p>Sali\u00f3 un nuevo bolet\u00edn, no te pierdas su lectura. Lo puedes leer simplemente y si lo prefieres lo puedes descargar en el siguiente enlace:<\/p>\n<p><a href=\"https:\/\/radiovilardevoz.org\/wp-content\/uploads\/2024\/09\/N\u00b0-3-Boletin-septiembre-Ano-9-2024-1.pdf\" target=\"_blanck\" rel=\"noopener\">N\u00b0 3- Bolet\u00edn septiembre A\u00f1o 9 &#8211; 2024<\/a><\/p>\n<hr \/>\n<h5 style=\"text-align: right;\">17 de setiembre de 2024<\/h5>\n<p><img loading=\"lazy\" decoding=\"async\" class=\"foto\" src=\"https:\/\/radiovilardevoz.org\/wp-content\/uploads\/2024\/09\/bol2-min-300x133.png\" alt=\"\" width=\"300\" height=\"133\" \/><br \/>\nClic en el enlace para ver o descargar<br \/>\n<a href=\"https:\/\/radiovilardevoz.org\/wp-content\/uploads\/2024\/09\/N\u00b0-2-Boletin-septiembre-Ano-9-2024.pdf\" target=\"_blanck\" rel=\"noopener\">N\u00b0 2- Bolet\u00edn septiembre A\u00f1o 9 &#8211; 2024<\/a><\/p>\n<hr \/>\n<h5 style=\"text-align: right;\">julio &#8211; agosto 2024<\/h5>\n<p>Volvieron los Boletines \u2013 No te lo pierdas<\/p>\n<p>Entra al enlace y no te pierdas el bolet\u00edn 1 de este a\u00f1o 9, pod\u00e9s simplemente leerlo o si lo prefieres lo pod\u00e9s descargar.<\/p>\n<p><img loading=\"lazy\" decoding=\"async\" class=\"foto\" src=\"https:\/\/radiovilardevoz.org\/wp-content\/uploads\/2024\/09\/boletin-1-min-300x142.png\" alt=\"\" width=\"300\" height=\"142\" \/><\/p>\n<p><a href=\"https:\/\/radiovilardevoz.org\/wp-content\/uploads\/2024\/09\/N\u00b0-1-Boletin-Bimensual-Ano-9-No-1-2024-1.pdf\" target=\"_blanck\" rel=\"noopener\">N\u00b0 1 &#8211; Bolet\u00edn Bimensual A\u00f1o 9 &#8211; 2024<\/a><\/p>\n<hr \/>\n<p><a href=\"https:\/\/radiovilardevoz.org\/wp-content\/uploads\/2023\/10\/N\u00b0-23-Boletin-semanal-Ano-8-No-23-27-de-Agosto-de-2023-2.pdf\" target=\"_blanck\" rel=\"noopener\">N\u00b0 23 &#8211; Bolet\u00edn semanal A\u00f1o 8 N\u00ba 23 27 de Agosto de 2023<\/a><\/p>\n<p><a href=\"https:\/\/radiovilardevoz.org\/wp-content\/uploads\/2023\/10\/N\u00b0-22-Boletin-semanal-Ano-8-No-22-18-de-Agosto-de-2023-2.pdf\" target=\"_blanck\" rel=\"noopener\">N\u00b0 22 &#8211; Bolet\u00edn semanal A\u00f1o 8 N\u00ba 22 18 de Agosto de 2023<\/a><\/p>\n<p><a href=\"https:\/\/radiovilardevoz.org\/wp-content\/uploads\/2023\/10\/N\u00b0-21-Boletin-semanal-Ano-8-No-21-13-de-Agosto-de-2023-2.pdf\" target=\"_blanck\" rel=\"noopener\">N\u00b0 21 &#8211; Bolet\u00edn semanal A\u00f1o 8 N\u00ba 21 13 de Agosto de 2023<\/a><\/p>\n<div class=\"pvc_clear\"><\/div>\n<p id=\"pvc_stats_511\" class=\"pvc_stats all  \" data-element-id=\"511\" style=\"\"><i class=\"pvc-stats-icon large\" aria-hidden=\"true\"><svg aria-hidden=\"true\" focusable=\"false\" data-prefix=\"far\" data-icon=\"chart-bar\" role=\"img\" xmlns=\"http:\/\/www.w3.org\/2000\/svg\" viewBox=\"0 0 512 512\" class=\"svg-inline--fa fa-chart-bar fa-w-16 fa-2x\"><path fill=\"currentColor\" d=\"M396.8 352h22.4c6.4 0 12.8-6.4 12.8-12.8V108.8c0-6.4-6.4-12.8-12.8-12.8h-22.4c-6.4 0-12.8 6.4-12.8 12.8v230.4c0 6.4 6.4 12.8 12.8 12.8zm-192 0h22.4c6.4 0 12.8-6.4 12.8-12.8V140.8c0-6.4-6.4-12.8-12.8-12.8h-22.4c-6.4 0-12.8 6.4-12.8 12.8v198.4c0 6.4 6.4 12.8 12.8 12.8zm96 0h22.4c6.4 0 12.8-6.4 12.8-12.8V204.8c0-6.4-6.4-12.8-12.8-12.8h-22.4c-6.4 0-12.8 6.4-12.8 12.8v134.4c0 6.4 6.4 12.8 12.8 12.8zM496 400H48V80c0-8.84-7.16-16-16-16H16C7.16 64 0 71.16 0 80v336c0 17.67 14.33 32 32 32h464c8.84 0 16-7.16 16-16v-16c0-8.84-7.16-16-16-16zm-387.2-48h22.4c6.4 0 12.8-6.4 12.8-12.8v-70.4c0-6.4-6.4-12.8-12.8-12.8h-22.4c-6.4 0-12.8 6.4-12.8 12.8v70.4c0 6.4 6.4 12.8 12.8 12.8z\" class=\"\"><\/path><\/svg><\/i> <img loading=\"lazy\" decoding=\"async\" width=\"16\" height=\"16\" alt=\"Loading\" src=\"https:\/\/radiovilardevoz.org\/wp-content\/plugins\/page-views-count\/ajax-loader-2x.gif\" border=0 \/><\/p>\n<div class=\"pvc_clear\"><\/div>\n","protected":false},"excerpt":{"rendered":"<p>11 de octubre de 2024 No te pierdas este nuevo n\u00famero: N\u00b0 5- Boleti\u0301n septiembre An\u0303o 9 &#8211; 2024 03 de octubre de 2024 Sali\u00f3 un nuevo Bolet\u00edn del Taller&hellip; <\/p>\n<div class=\"pvc_clear\"><\/div>\n<p id=\"pvc_stats_511\" class=\"pvc_stats all  \" data-element-id=\"511\" style=\"\"><i class=\"pvc-stats-icon large\" aria-hidden=\"true\"><svg aria-hidden=\"true\" focusable=\"false\" data-prefix=\"far\" data-icon=\"chart-bar\" role=\"img\" xmlns=\"http:\/\/www.w3.org\/2000\/svg\" viewBox=\"0 0 512 512\" class=\"svg-inline--fa fa-chart-bar fa-w-16 fa-2x\"><path fill=\"currentColor\" d=\"M396.8 352h22.4c6.4 0 12.8-6.4 12.8-12.8V108.8c0-6.4-6.4-12.8-12.8-12.8h-22.4c-6.4 0-12.8 6.4-12.8 12.8v230.4c0 6.4 6.4 12.8 12.8 12.8zm-192 0h22.4c6.4 0 12.8-6.4 12.8-12.8V140.8c0-6.4-6.4-12.8-12.8-12.8h-22.4c-6.4 0-12.8 6.4-12.8 12.8v198.4c0 6.4 6.4 12.8 12.8 12.8zm96 0h22.4c6.4 0 12.8-6.4 12.8-12.8V204.8c0-6.4-6.4-12.8-12.8-12.8h-22.4c-6.4 0-12.8 6.4-12.8 12.8v134.4c0 6.4 6.4 12.8 12.8 12.8zM496 400H48V80c0-8.84-7.16-16-16-16H16C7.16 64 0 71.16 0 80v336c0 17.67 14.33 32 32 32h464c8.84 0 16-7.16 16-16v-16c0-8.84-7.16-16-16-16zm-387.2-48h22.4c6.4 0 12.8-6.4 12.8-12.8v-70.4c0-6.4-6.4-12.8-12.8-12.8h-22.4c-6.4 0-12.8 6.4-12.8 12.8v70.4c0 6.4 6.4 12.8 12.8 12.8z\" class=\"\"><\/path><\/svg><\/i> <img loading=\"lazy\" decoding=\"async\" width=\"16\" height=\"16\" alt=\"Loading\" src=\"https:\/\/radiovilardevoz.org\/wp-content\/plugins\/page-views-count\/ajax-loader-2x.gif\" border=0 \/><\/p>\n<div class=\"pvc_clear\"><\/div>\n","protected":false},"author":4,"featured_media":0,"parent":0,"menu_order":0,"comment_status":"closed","ping_status":"closed","template":"","meta":{"footnotes":""},"class_list":["post-511","page","type-page","status-publish","hentry"],"_links":{"self":[{"href":"https:\/\/radiovilardevoz.org\/index.php?rest_route=\/wp\/v2\/pages\/511","targetHints":{"allow":["GET"]}}],"collection":[{"href":"https:\/\/radiovilardevoz.org\/index.php?rest_route=\/wp\/v2\/pages"}],"about":[{"href":"https:\/\/radiovilardevoz.org\/index.php?rest_route=\/wp\/v2\/types\/page"}],"author":[{"embeddable":true,"href":"https:\/\/radiovilardevoz.org\/index.php?rest_route=\/wp\/v2\/users\/4"}],"replies":[{"embeddable":true,"href":"https:\/\/radiovilardevoz.org\/index.php?rest_route=%2Fwp%2Fv2%2Fcomments&post=511"}],"version-history":[{"count":20,"href":"https:\/\/radiovilardevoz.org\/index.php?rest_route=\/wp\/v2\/pages\/511\/revisions"}],"predecessor-version":[{"id":1434,"href":"https:\/\/radiovilardevoz.org\/index.php?rest_route=\/wp\/v2\/pages\/511\/revisions\/1434"}],"wp:attachment":[{"href":"https:\/\/radiovilardevoz.org\/index.php?rest_route=%2Fwp%2Fv2%2Fmedia&parent=511"}],"curies":[{"name":"wp","href":"https:\/\/api.w.org\/{rel}","templated":true}]}}